{"id":4852,"date":"2021-03-15T22:05:23","date_gmt":"2021-03-15T19:05:23","guid":{"rendered":"https:\/\/assigortacilik.com\/?page_id=4852"},"modified":"2021-03-15T22:06:16","modified_gmt":"2021-03-15T19:06:16","slug":"belgelerimiz","status":"publish","type":"page","link":"https:\/\/assigortacilik.com\/?page_id=4852","title":{"rendered":"Belgelerimiz"},"content":{"rendered":"\t\t<div data-elementor-type=\"wp-page\" data-elementor-id=\"4852\" class=\"elementor elementor-4852\" data-elementor-settings=\"[]\">\n\t\t\t\t\t\t\t<div class=\"elementor-section-wrap\">\n\t\t\t\t\t\t\t<section class=\"elementor-section elementor-top-section elementor-element elementor-element-2c1d01a7 elementor-section-boxed elementor-section-height-default elementor-section-height-default\" data-id=\"2c1d01a7\" data-element_type=\"section\" data-settings=\"{&quot;ekit_has_onepagescroll_dot&quot;:&quot;yes&quot;}\">\n\t\t\t\t\t\t<div class=\"elementor-container elementor-column-gap-default\">\n\t\t\t\t\t<div class=\"elementor-column elementor-col-66 elementor-top-column elementor-element elementor-element-6bd5acdf\" data-id=\"6bd5acdf\" data-element_type=\"column\">\n\t\t\t<div class=\"elementor-widget-wrap elementor-element-populated\">\n\t\t\t\t\t\t\t\t<div class=\"elementor-element elementor-element-2392232 elementor-widget elementor-widget-text-editor\" data-id=\"2392232\" data-element_type=\"widget\" data-widget_type=\"text-editor.default\">\n\t\t\t\t<div class=\"elementor-widget-container\">\n\t\t\t\t\t<div class=\"elementor-text-editor elementor-clearfix\"><p class=\"style19\"><span style=\"color: #000000;\"><b>G\u00fcncelleniyor.<\/b><\/span><\/p><\/div>\n\t\t\t\t<\/div>\n\t\t\t\t<\/div>\n\t\t\t\t\t<\/div>\n\t\t<\/div>\n\t\t\t\t<div class=\"elementor-column elementor-col-33 elementor-top-column elementor-element elementor-element-119ef4af\" data-id=\"119ef4af\" data-element_type=\"column\">\n\t\t\t<div class=\"elementor-widget-wrap elementor-element-populated\">\n\t\t\t\t\t\t\t\t<div class=\"elementor-element elementor-element-21218cb4 overlay-box ekit-equal-height-disable elementor-widget elementor-widget-elementskit-icon-box\" data-id=\"21218cb4\" data-element_type=\"widget\" data-widget_type=\"elementskit-icon-box.default\">\n\t\t\t\t<div class=\"elementor-widget-container\">\n\t\t\t<div class=\"ekit-wid-con\" >        <!-- link opening -->\n                <!-- end link opening -->\n\n        <div class=\"elementskit-infobox text-left text- icon-lef-right-aligin elementor-animation-   \">\n                        <div class=\"box-body\">\n                            <h3 class=\"elementskit-info-box-title\">\n                    Yard\u0131ma m\u0131 ihtiyac\u0131n\u0131z var ?                <\/h3>\n                                    <p>Akl\u0131n\u0131za tak\u0131lan t\u00fcm sorular i\u00e7in bizi arayabilirsiniz. <\/p>\n                                        <div class=\"box-footer disable_hover_button\">\n                    <div class=\"btn-wraper\">\n                                                            <a href=\"https:\/\/assigortacilik.com\/iletisim\/\" target=\"_self\" rel=\"\" class=\"elementskit-btn whitespace--normal elementor-animation-\">\n                                                                                \u0130leti\u015fim                                    <\/a>\n                                                        <\/div>\n                <\/div>\n                    <\/div>\n        \n        \n                <\/div>\n        <\/div>\t\t<\/div>\n\t\t\t\t<\/div>\n\t\t\t\t\t<\/div>\n\t\t<\/div>\n\t\t\t\t\t\t\t<\/div>\n\t\t<\/section>\n\t\t\t\t\t\t<\/div>\n\t\t\t\t\t<\/div>\n\t\t","protected":false},"excerpt":{"rendered":"<p>G\u00fcncelleniyor. Yard\u0131ma m\u0131 ihtiyac\u0131n\u0131z var ? Akl\u0131n\u0131za tak\u0131lan t\u00fcm sorular i\u00e7in bizi arayabilirsiniz. \u0130leti\u015fim<\/p>\n","protected":false},"author":1,"featured_media":0,"parent":0,"menu_order":0,"comment_status":"closed","ping_status":"closed","template":"template\/full-width-template.php","meta":{"footnotes":""},"class_list":["post-4852","page","type-page","status-publish","hentry"],"_links":{"self":[{"href":"https:\/\/assigortacilik.com\/index.php?rest_route=\/wp\/v2\/pages\/4852","targetHints":{"allow":["GET"]}}],"collection":[{"href":"https:\/\/assigortacilik.com\/index.php?rest_route=\/wp\/v2\/pages"}],"about":[{"href":"https:\/\/assigortacilik.com\/index.php?rest_route=\/wp\/v2\/types\/page"}],"author":[{"embeddable":true,"href":"https:\/\/assigortacilik.com\/index.php?rest_route=\/wp\/v2\/users\/1"}],"replies":[{"embeddable":true,"href":"https:\/\/assigortacilik.com\/index.php?rest_route=%2Fwp%2Fv2%2Fcomments&post=4852"}],"version-history":[{"count":4,"href":"https:\/\/assigortacilik.com\/index.php?rest_route=\/wp\/v2\/pages\/4852\/revisions"}],"predecessor-version":[{"id":4856,"href":"https:\/\/assigortacilik.com\/index.php?rest_route=\/wp\/v2\/pages\/4852\/revisions\/4856"}],"wp:attachment":[{"href":"https:\/\/assigortacilik.com\/index.php?rest_route=%2Fwp%2Fv2%2Fmedia&parent=4852"}],"curies":[{"name":"wp","href":"https:\/\/api.w.org\/{rel}","templated":true}]}}