{"id":4841,"date":"2021-03-15T18:18:41","date_gmt":"2021-03-15T15:18:41","guid":{"rendered":"https:\/\/assigortacilik.com\/?page_id=4841"},"modified":"2021-03-15T18:28:09","modified_gmt":"2021-03-15T15:28:09","slug":"hakkimizda","status":"publish","type":"page","link":"https:\/\/assigortacilik.com\/?page_id=4841","title":{"rendered":"Hakk\u0131m\u0131zda"},"content":{"rendered":"\t\t<div data-elementor-type=\"wp-page\" data-elementor-id=\"4841\" class=\"elementor elementor-4841\" data-elementor-settings=\"[]\">\n\t\t\t\t\t\t\t<div class=\"elementor-section-wrap\">\n\t\t\t\t\t\t\t<section class=\"elementor-section elementor-top-section elementor-element elementor-element-2c1d01a7 elementor-section-boxed elementor-section-height-default elementor-section-height-default\" data-id=\"2c1d01a7\" data-element_type=\"section\" data-settings=\"{&quot;ekit_has_onepagescroll_dot&quot;:&quot;yes&quot;}\">\n\t\t\t\t\t\t<div class=\"elementor-container elementor-column-gap-default\">\n\t\t\t\t\t<div class=\"elementor-column elementor-col-66 elementor-top-column elementor-element elementor-element-6bd5acdf\" data-id=\"6bd5acdf\" data-element_type=\"column\">\n\t\t\t<div class=\"elementor-widget-wrap elementor-element-populated\">\n\t\t\t\t\t\t\t\t<div class=\"elementor-element elementor-element-2392232 elementor-widget elementor-widget-text-editor\" data-id=\"2392232\" data-element_type=\"widget\" data-widget_type=\"text-editor.default\">\n\t\t\t\t<div class=\"elementor-widget-container\">\n\t\t\t\t\t<div class=\"elementor-text-editor elementor-clearfix\"><p class=\"style19\"><span style=\"color: #000000;\"><b>As Sigortac\u0131l\u0131k <\/b>tecr\u00fcbesiyle\u00a0<strong>sigorta<\/strong>\u00a0sekt\u00f6r\u00fcnde geli\u015fen d\u00fcnya \u015fartlar\u0131na\u00a0 uymaktad\u0131r.\u00a0<strong>Sigorta<\/strong>\u00a0sekt\u00f6r\u00fcndeki geli\u015fmeleri vizyon sahibi olarak m\u00fc\u015fterilerine kaliteli hizmet vermek temel hedefidir. \u015eirketimiz m\u00fc\u015fterlerine g\u00fcn\u00fcm\u00fcz teknoloji \u00e7a\u011f\u0131n\u0131n \u015fartlar\u0131na haiz donan\u0131mla kar\u015f\u0131l\u0131kl\u0131 g\u00fcven ili\u015fkisine dayal\u0131 hizmet vermektedir. Bu gururu ile kendini her zaman yenilerek yeniliklere a\u00e7\u0131k bir pozisyon belirlemi\u015ftir.<\/span><\/p><p><span style=\"color: #000000;\">\u0130nsano\u011flunun tarihine yak\u0131n bir ge\u00e7mi\u015fi olan bu sekt\u00f6rde;<\/span><\/p><p class=\"style19\"><span style=\"color: #000000;\"><strong><span class=\"style22\">M\u0130SYONUMUZ<\/span><\/strong><\/span><\/p><p class=\"style19\"><span style=\"color: #000000;\">M\u00fc\u015fteri memnuniyetinin, \u015firket i\u00e7inden ge\u00e7ti\u011fi bilinci ile \u00e7al\u0131\u015fanlar\u0131m\u0131z\u0131n ki\u015fisel ve mesleki geli\u015fmelerine katk\u0131da bulunmak ve tak\u0131m \u00e7al\u0131\u015fmas\u0131n\u0131 destekleyerek k\u00fcresel becerilere yat\u0131r\u0131m yapan bir \u015firket olmak.<\/span><\/p><p class=\"style19\"><span class=\"style23\" style=\"color: #000000;\"><strong>V\u0130ZYONUMUZ<\/strong><\/span><\/p><p class=\"style19\"><span style=\"color: #000000;\"><strong>As Sigortac\u0131l\u0131\u011f\u0131<\/strong>\u00a0gelecek y\u00fczy\u0131llara ta\u015f\u0131yacak becerilere sahip esnek d\u00fc\u015f\u00fcnebilen, tak\u0131m ruhunu benimsemi\u015f insan kaynaklar\u0131 ile hizmet vermek.<\/span><\/p><p class=\"style19\"><span class=\"style23\" style=\"color: #000000;\"><strong>ANA DE\u011eERLER\u0130M\u0130Z\u00a0<\/strong><\/span><\/p><p class=\"style19\"><span style=\"color: #000000;\">Tak\u0131m \u00e7al\u0131\u015fmas\u0131, i\u015fbirli\u011fi ve kat\u0131l\u0131mc\u0131l\u0131\u011f\u0131 desteklemek. \u00c7al\u0131\u015fanlar\u0131m\u0131z\u0131n bilgi ile \u00e7al\u0131\u015fmalar\u0131n\u0131 sa\u011flamak teknolojik yenilikleri \u00fcst d\u00fczeyde kullanmak i\u00e7in her d\u00fczeyde ve s\u00fcrekli e\u011fitime \u00f6nem vermek. T\u00fcm \u00e7al\u0131\u015fanlara her konuda f\u0131rsat e\u015fitli\u011fi tan\u0131mak. Kar\u015f\u0131l\u0131kl\u0131 sayg\u0131, g\u00fcven ve a\u00e7\u0131kl\u0131k anlay\u0131\u015f\u0131 ile \u00e7al\u0131\u015fmak.<\/span><\/p><p class=\"style19\"><span style=\"color: #000000;\"><strong>KAL\u0130TE POL\u0130T\u0130KAMIZ<\/strong><\/span><\/p><p class=\"style19\"><span style=\"color: #000000;\">M\u00fc\u015fterilerimizin kusursuz memnuniyetini ekip ruhuna sahip, en m\u00fckemmel hizmeti sunma anlay\u0131\u015f\u0131m\u0131zla yarat\u0131c\u0131, yenilik\u00e7i, tecr\u00fcbeli kadromuz ve k\u00f6kl\u00fc ge\u00e7mi\u015fimizle teknolojik geli\u015fmeleri yak\u0131ndan takip ederek geni\u015f lojistik deste\u011fi ile tercih sebebi olabilmek i\u00e7in prensiplerine sahip olan, \u00f6neri ve ele\u015ftirilere a\u00e7\u0131k olan bir kurulu\u015f olarak hizmet sunmakt\u0131r.<\/span><\/p><p class=\"style19\"><span style=\"color: #000000;\">*\u00a0<strong>As Sigortac\u0131l\u0131k<\/strong>\u00a0bir\u00a0<strong>Erdo\u011fan BIYIK<\/strong>\u00a0i\u015ftirakidir.<\/span><\/p><\/div>\n\t\t\t\t<\/div>\n\t\t\t\t<\/div>\n\t\t\t\t\t<\/div>\n\t\t<\/div>\n\t\t\t\t<div class=\"elementor-column elementor-col-33 elementor-top-column elementor-element elementor-element-119ef4af\" data-id=\"119ef4af\" data-element_type=\"column\">\n\t\t\t<div class=\"elementor-widget-wrap elementor-element-populated\">\n\t\t\t\t\t\t\t\t<div class=\"elementor-element elementor-element-21218cb4 overlay-box ekit-equal-height-disable elementor-widget elementor-widget-elementskit-icon-box\" data-id=\"21218cb4\" data-element_type=\"widget\" data-widget_type=\"elementskit-icon-box.default\">\n\t\t\t\t<div class=\"elementor-widget-container\">\n\t\t\t<div class=\"ekit-wid-con\" >        <!-- link opening -->\n                <!-- end link opening -->\n\n        <div class=\"elementskit-infobox text-left text- icon-lef-right-aligin elementor-animation-   \">\n                        <div class=\"box-body\">\n                            <h3 class=\"elementskit-info-box-title\">\n                    Yard\u0131ma m\u0131 ihtiyac\u0131n\u0131z var ?                <\/h3>\n                                    <p>Akl\u0131n\u0131za tak\u0131lan t\u00fcm sorular i\u00e7in bizi arayabilirsiniz. <\/p>\n                                        <div class=\"box-footer disable_hover_button\">\n                    <div class=\"btn-wraper\">\n                                                            <a href=\"https:\/\/assigortacilik.com\/iletisim\/\" target=\"_self\" rel=\"\" class=\"elementskit-btn whitespace--normal elementor-animation-\">\n                                                                                \u0130leti\u015fim                                    <\/a>\n                                                        <\/div>\n                <\/div>\n                    <\/div>\n        \n        \n                <\/div>\n        <\/div>\t\t<\/div>\n\t\t\t\t<\/div>\n\t\t\t\t\t<\/div>\n\t\t<\/div>\n\t\t\t\t\t\t\t<\/div>\n\t\t<\/section>\n\t\t\t\t\t\t<\/div>\n\t\t\t\t\t<\/div>\n\t\t","protected":false},"excerpt":{"rendered":"<p>As Sigortac\u0131l\u0131k tecr\u00fcbesiyle\u00a0sigorta\u00a0sekt\u00f6r\u00fcnde geli\u015fen d\u00fcnya \u015fartlar\u0131na\u00a0 uymaktad\u0131r.\u00a0Sigorta\u00a0sekt\u00f6r\u00fcndeki geli\u015fmeleri vizyon sahibi olarak m\u00fc\u015fterilerine kaliteli hizmet vermek temel hedefidir. \u015eirketimiz m\u00fc\u015fterlerine g\u00fcn\u00fcm\u00fcz teknoloji \u00e7a\u011f\u0131n\u0131n \u015fartlar\u0131na haiz donan\u0131mla kar\u015f\u0131l\u0131kl\u0131 g\u00fcven ili\u015fkisine dayal\u0131 hizmet vermektedir. Bu gururu ile kendini her zaman yenilerek yeniliklere a\u00e7\u0131k bir pozisyon belirlemi\u015ftir. \u0130nsano\u011flunun tarihine yak\u0131n bir ge\u00e7mi\u015fi olan bu sekt\u00f6rde; M\u0130SYONUMUZ M\u00fc\u015fteri memnuniyetinin, \u015firket [&hellip;]<\/p>\n","protected":false},"author":1,"featured_media":0,"parent":0,"menu_order":0,"comment_status":"closed","ping_status":"closed","template":"template\/full-width-template.php","meta":{"footnotes":""},"class_list":["post-4841","page","type-page","status-publish","hentry"],"_links":{"self":[{"href":"https:\/\/assigortacilik.com\/index.php?rest_route=\/wp\/v2\/pages\/4841","targetHints":{"allow":["GET"]}}],"collection":[{"href":"https:\/\/assigortacilik.com\/index.php?rest_route=\/wp\/v2\/pages"}],"about":[{"href":"https:\/\/assigortacilik.com\/index.php?rest_route=\/wp\/v2\/types\/page"}],"author":[{"embeddable":true,"href":"https:\/\/assigortacilik.com\/index.php?rest_route=\/wp\/v2\/users\/1"}],"replies":[{"embeddable":true,"href":"https:\/\/assigortacilik.com\/index.php?rest_route=%2Fwp%2Fv2%2Fcomments&post=4841"}],"version-history":[{"count":5,"href":"https:\/\/assigortacilik.com\/index.php?rest_route=\/wp\/v2\/pages\/4841\/revisions"}],"predecessor-version":[{"id":4850,"href":"https:\/\/assigortacilik.com\/index.php?rest_route=\/wp\/v2\/pages\/4841\/revisions\/4850"}],"wp:attachment":[{"href":"https:\/\/assigortacilik.com\/index.php?rest_route=%2Fwp%2Fv2%2Fmedia&parent=4841"}],"curies":[{"name":"wp","href":"https:\/\/api.w.org\/{rel}","templated":true}]}}